{"id":341,"date":"2016-07-15T22:57:33","date_gmt":"2016-07-15T20:57:33","guid":{"rendered":"http:\/\/hofopdenbroucke.nl\/?page_id=341"},"modified":"2016-07-21T12:13:23","modified_gmt":"2016-07-21T10:13:23","slug":"week-3","status":"publish","type":"page","link":"https:\/\/hofopdenbroucke.nl\/?page_id=341","title":{"rendered":"Week 3"},"content":{"rendered":"<p><em>Zaterdag 9 juli<\/em><br \/>\nWeer weekend, lekker. De oogjes van alle A&#8217;tjes zijn nu open. Het lijkt wel of sommigen je nu al echt aankijken. Zal wel de wens van de gedachte zijn. Ze beginnen al lekker rond te strompelen.<\/p>\n<figure id=\"attachment_406\" aria-describedby=\"caption-attachment-406\" style=\"width: 300px\" class=\"wp-caption alignleft\"><img loading=\"lazy\" decoding=\"async\" class=\"size-medium wp-image-406\" src=\"https:\/\/hofopdenbroucke.nl\/wp-content\/uploads\/2016\/07\/SAM_0293-300x225.jpg\" alt=\"De buitenren basis uitvoering\" width=\"300\" height=\"225\" srcset=\"https:\/\/hofopdenbroucke.nl\/wp-content\/uploads\/2016\/07\/SAM_0293-300x225.jpg 300w, https:\/\/hofopdenbroucke.nl\/wp-content\/uploads\/2016\/07\/SAM_0293-768x576.jpg 768w, https:\/\/hofopdenbroucke.nl\/wp-content\/uploads\/2016\/07\/SAM_0293.jpg 1024w\" sizes=\"auto, (max-width: 300px) 100vw, 300px\" \/><figcaption id=\"caption-attachment-406\" class=\"wp-caption-text\">De buitenren basis uitvoering<\/figcaption><\/figure>\n<p>Voor mij het teken om de buitenren in orde te gaan maken. Het is de bedoeling dat deze gelijk grenst aan het huis, zodat de puppy&#8217;s straks vanuit hun binnenren via de tuindeuren zo naar hun\u00a0 buiten verblijf kunnen. We hebben het geluk dat de buitenren gedeeltelijk overdekt zal zijn. Zodat ze ook met minder mooi weer naar buiten kunnen.<\/p>\n<p>Ook krijgen ze te maken met verschillende ondergronden plavuizen, vinyl, vloerbedekking, en kranten binnen. En tegels, rietenmat,\u00a0en gras buiten.<\/p>\n<figure id=\"attachment_398\" aria-describedby=\"caption-attachment-398\" style=\"width: 300px\" class=\"wp-caption alignright\"><img loading=\"lazy\" decoding=\"async\" class=\"size-medium wp-image-398\" src=\"https:\/\/hofopdenbroucke.nl\/wp-content\/uploads\/2016\/07\/SAM_0172-300x225.jpg\" alt=\"Lekker die PGR\" width=\"300\" height=\"225\" srcset=\"https:\/\/hofopdenbroucke.nl\/wp-content\/uploads\/2016\/07\/SAM_0172-300x225.jpg 300w, https:\/\/hofopdenbroucke.nl\/wp-content\/uploads\/2016\/07\/SAM_0172-768x576.jpg 768w, https:\/\/hofopdenbroucke.nl\/wp-content\/uploads\/2016\/07\/SAM_0172.jpg 1024w\" sizes=\"auto, (max-width: 300px) 100vw, 300px\" \/><figcaption id=\"caption-attachment-398\" class=\"wp-caption-text\">Lekker die PBR<\/figcaption><\/figure>\n<p>Is wel een hele verbouwing, omdat dit normaal\u00a0van het vroege voorjaar tot diep in de herfst ons eigen &#8220;buiten&#8221; verblijf is . En dan straks ook nog het educatie materiaal, oftewel speelgoed. Kijken er naar uit. We zullen vanaf de lounge bank goed uitzicht hebben op het buitenverblijf.\u00a0 We genieten nog steeds met volle teugen. Vandaag de\u00a0 PBR-voeding (puppymelk\/Bambix\/rijstebloem) in puppy etensbak (lage rand) aangeboden. Eerst met de vinger, en daarna stuk voor stuk zelf lebberen.<\/p>\n<p><em>Zondag 10 juli<\/em><br \/>\nEen zonnige dag. Zowel buiten als binnen Het is toch een heerlijkheid dat te zien, 9 snel groeiende Hovawartjes. En het was afgelopen nacht weer\u00a0het\u00a0zwarte reutje die als eerste echt op 4 pootjes door de werpkist heen waggelde.<\/p>\n<figure id=\"attachment_407\" aria-describedby=\"caption-attachment-407\" style=\"width: 300px\" class=\"wp-caption alignleft\"><img loading=\"lazy\" decoding=\"async\" class=\"size-medium wp-image-407\" src=\"https:\/\/hofopdenbroucke.nl\/wp-content\/uploads\/2016\/07\/SAM_0154-300x225.jpg\" alt=\"Zindeijk? We werken er aan\" width=\"300\" height=\"225\" srcset=\"https:\/\/hofopdenbroucke.nl\/wp-content\/uploads\/2016\/07\/SAM_0154-300x225.jpg 300w, https:\/\/hofopdenbroucke.nl\/wp-content\/uploads\/2016\/07\/SAM_0154-768x576.jpg 768w, https:\/\/hofopdenbroucke.nl\/wp-content\/uploads\/2016\/07\/SAM_0154.jpg 1024w\" sizes=\"auto, (max-width: 300px) 100vw, 300px\" \/><figcaption id=\"caption-attachment-407\" class=\"wp-caption-text\">Zindelijk? We werken er aan<\/figcaption><\/figure>\n<p>Gevolgd door een van de blonde teefjes. Vandaag &#8220;waggelen&#8221; ze allemaal. Ze komen nu zelf de werpkist al uit, dus als wij willen dat ze erin blijven zullen we het schotje moeten plaatsen. Ook vanmiddag hebben ze weer gelebberd. Leuk woord, houden we erin. Nu wat meer, en zo voeren we het langzaam op.<br \/>\nWe zijn er nog niet actief mee bezig; met de zindelijkheid trainer. Maar hij staat er wel. En wat zien we gebeuren? Het eerste teefje wat er zelf naar toe is gewaggeld.<\/p>\n<p>&nbsp;<\/p>\n<figure id=\"attachment_400\" aria-describedby=\"caption-attachment-400\" style=\"width: 300px\" class=\"wp-caption alignleft\"><img loading=\"lazy\" decoding=\"async\" class=\"wp-image-400 size-medium\" src=\"https:\/\/hofopdenbroucke.nl\/wp-content\/uploads\/2016\/07\/SAM_0200-300x225.jpg\" alt=\"SAM_0200\" width=\"300\" height=\"225\" srcset=\"https:\/\/hofopdenbroucke.nl\/wp-content\/uploads\/2016\/07\/SAM_0200-300x225.jpg 300w, https:\/\/hofopdenbroucke.nl\/wp-content\/uploads\/2016\/07\/SAM_0200-768x576.jpg 768w, https:\/\/hofopdenbroucke.nl\/wp-content\/uploads\/2016\/07\/SAM_0200.jpg 1024w\" sizes=\"auto, (max-width: 300px) 100vw, 300px\" \/><figcaption id=\"caption-attachment-400\" class=\"wp-caption-text\">Niet zeuren. Voor het ontbijt even wassen<\/figcaption><\/figure>\n<p><em>Maandag 11 juli<\/em><br \/>\nVanochtend weer vroeg op, de werkweek is weer begonnen. Maar dat maakt de A&#8217;tjes niets uit. Het is inmiddels een heel ritueel geworden. Elke ochtend worden de A&#8217;tjes \u00e9\u00e9n voor \u00e9\u00e9n\u00a0uit de werpkist gehaald Chilli is dan al uit de werpkist, en staat ervoor op haar eerste pup te wachten om gecheckt te worden. Met het kontje in de rechterhand, op zijn\/haar ruggetje, om de darmpjes en andere lager gelegen edele delen (ja ook honden hebben edele delen, niet alleen paarden) te masseren.<\/p>\n<figure id=\"attachment_399\" aria-describedby=\"caption-attachment-399\" style=\"width: 300px\" class=\"wp-caption alignright\"><img loading=\"lazy\" decoding=\"async\" class=\"size-medium wp-image-399\" src=\"https:\/\/hofopdenbroucke.nl\/wp-content\/uploads\/2016\/07\/SAM_0199-300x225.jpg\" alt=\"Stil maar\" width=\"300\" height=\"225\" srcset=\"https:\/\/hofopdenbroucke.nl\/wp-content\/uploads\/2016\/07\/SAM_0199-300x225.jpg 300w, https:\/\/hofopdenbroucke.nl\/wp-content\/uploads\/2016\/07\/SAM_0199-768x576.jpg 768w, https:\/\/hofopdenbroucke.nl\/wp-content\/uploads\/2016\/07\/SAM_0199.jpg 1024w\" sizes=\"auto, (max-width: 300px) 100vw, 300px\" \/><figcaption id=\"caption-attachment-399\" class=\"wp-caption-text\">Stil maar<\/figcaption><\/figure>\n<p>De blaas wordt dan gelijk geleegd. Het piepen is niet van de lucht, en met het spartelen wordt aardig wat lucht in beweging gezet. Daarna wordt er gewogen. Is dat eenmaal gebeurd dan mogen ze vrij rond kruipen\/waggelen. Is dit klaar dan mag\u00a0Chilli de werpkist weer in en gaat &#8220;goed&#8221; liggen. Goed betekent zo op je zij gaan liggen dat de puppy&#8217;s erbij kunnen. Voordat de helft van de A&#8217;tjes\u00a0aangelegd worden om te drinken, wordt er eerst weer gecheckt; om moe van te worden. Als ze\u00a0klaar zijn met drinken\u00a0weer uit de werpkist,\u00a0en Chilli gaat op haar andere zij liggen om de overige tepels bereikbaar te maken. Ploeg twee ondergaat dezelfde procedure. Zo krijgt iedereen genoeg te eten, en worden de tepels ook nog gelijkmatig belast en leeggedronken. Goed voor de productie, en het voorkomt verstoppingen en\/of ontstekingen bij Chilli. Als de voeding afgelopen is wordt de werpkist ontsmet een schoon vetbed neergelegd en de A&#8217;tjes er weer in. Het is dan alweer tijd voor het ochtend dutje.<\/p>\n<figure id=\"attachment_401\" aria-describedby=\"caption-attachment-401\" style=\"width: 300px\" class=\"wp-caption alignleft\"><img loading=\"lazy\" decoding=\"async\" class=\"size-medium wp-image-401\" src=\"https:\/\/hofopdenbroucke.nl\/wp-content\/uploads\/2016\/07\/SAM_0239-300x225.jpg\" alt=\"Wordt elke dag lekkerder\" width=\"300\" height=\"225\" srcset=\"https:\/\/hofopdenbroucke.nl\/wp-content\/uploads\/2016\/07\/SAM_0239-300x225.jpg 300w, https:\/\/hofopdenbroucke.nl\/wp-content\/uploads\/2016\/07\/SAM_0239-768x576.jpg 768w, https:\/\/hofopdenbroucke.nl\/wp-content\/uploads\/2016\/07\/SAM_0239.jpg 1024w\" sizes=\"auto, (max-width: 300px) 100vw, 300px\" \/><figcaption id=\"caption-attachment-401\" class=\"wp-caption-text\">Wordt elke dag lekkerder<\/figcaption><\/figure>\n<p>Nu wordt het buitengebied ontdaan van onregelmatigheden (poep en pies) en ontsmet. De laatste dagen is de procedure aangepast, voordat ze de werpkist ingaan eerst nog PBR. Er wordt dan niet alleen gegeten maar ook door de bak gebanjerd. Weer extra schoonmaak beurt. Dat is dus al drie keer in, en dat is alleen al bij de ochtend voeding. Kan niet anders zeggen dat Chilli een goede moeder is. En dit meerdere keren per dag.<br \/>\nWe gaan het de komende\u00a0weken nog druk krijgen.<\/p>\n<figure id=\"attachment_419\" aria-describedby=\"caption-attachment-419\" style=\"width: 300px\" class=\"wp-caption alignright\"><img loading=\"lazy\" decoding=\"async\" class=\"wp-image-419 size-medium\" src=\"https:\/\/hofopdenbroucke.nl\/wp-content\/uploads\/2016\/07\/SAM_0319-300x225.jpg\" alt=\"SAM_0319\" width=\"300\" height=\"225\" srcset=\"https:\/\/hofopdenbroucke.nl\/wp-content\/uploads\/2016\/07\/SAM_0319-300x225.jpg 300w, https:\/\/hofopdenbroucke.nl\/wp-content\/uploads\/2016\/07\/SAM_0319-768x576.jpg 768w, https:\/\/hofopdenbroucke.nl\/wp-content\/uploads\/2016\/07\/SAM_0319.jpg 1024w\" sizes=\"auto, (max-width: 300px) 100vw, 300px\" \/><figcaption id=\"caption-attachment-419\" class=\"wp-caption-text\">Het bovengebit is er; alle tandjes tegelijk<\/figcaption><\/figure>\n<p><em>Dinsdag 12 juli<\/em><br \/>\nEen van de A&#8217;tjes geeuwt, en we zien tandjes in de bovenkaak. Vlug de anderen bekeken. Ze hebben nu allemaal tandjes, maar alleen in de bovenkaak. Je kunt nu ook goed merken dat de oortjes ook open zijn.\u00a0 Binnen een paar dagen,\u00a0 de oogjes en de oortjes open, ze zijn begonnen te waggelen, en de tandjes komen nu door. En vanmiddag beginnen ze onderling speelgedrag te vertonen. Dat beloofd wat voor de komende weken.\u00a0Verheug me voor vandaag op de avond maaltijd, dat deel wanneer de PBR voorgeschoteld wordt.\u00a0 Het gros was trouwens bij het wegen vanmorgen rond de 100 gram aangekomen, de anderen zelfs nog meer.<\/p>\n<p><em>Woensdag 13 juli<\/em><br \/>\nEr is veel gebeurd vandaag. Vanochtend bij het wegen waren er 2 A&#8217;tjes lichter dan de dag ervoor. Eerst vonden we dit een beetje vreemd, maar na de dag ervoor weer de revue te hebben laten passeren, kwamen we tot de conclusie dat dit wel de twee waren, die\u00a0de gehele dag in de tweede eetbeurt\u00a0zaten.<\/p>\n<figure id=\"attachment_422\" aria-describedby=\"caption-attachment-422\" style=\"width: 300px\" class=\"wp-caption alignleft\"><img loading=\"lazy\" decoding=\"async\" class=\"size-medium wp-image-422\" src=\"https:\/\/hofopdenbroucke.nl\/wp-content\/uploads\/2016\/07\/SAM_0342-300x225.jpg\" alt=\"De PBR maaltijd gaat er goed in\" width=\"300\" height=\"225\" srcset=\"https:\/\/hofopdenbroucke.nl\/wp-content\/uploads\/2016\/07\/SAM_0342-300x225.jpg 300w, https:\/\/hofopdenbroucke.nl\/wp-content\/uploads\/2016\/07\/SAM_0342-768x576.jpg 768w, https:\/\/hofopdenbroucke.nl\/wp-content\/uploads\/2016\/07\/SAM_0342.jpg 1024w\" sizes=\"auto, (max-width: 300px) 100vw, 300px\" \/><figcaption id=\"caption-attachment-422\" class=\"wp-caption-text\">De PBR maaltijd gaat er goed in<\/figcaption><\/figure>\n<p>Zij waren ook degene, die\u00a0daarvoor veel van de PBR hebben gegeten. Ze hebben dat gisteren 3x\u00a0gehad. Wellicht zaten ze hierna\u00a0te vol om nog veel te drinken. Daarnaast hebben de andere A&#8217;tjes wel hun (v00r ons) normale toename in gewicht gerealiseerd. Ook diegene die ook in de tweede eetbeurt zaten maar niet zoveel PBR gegeten hebben. Weer een leer momentje. De oplossing lijkt ons eenvoudig bij elke maaltijd de eetbeurt wisselen. Of dit werkt weten we morgen.<\/p>\n<figure id=\"attachment_418\" aria-describedby=\"caption-attachment-418\" style=\"width: 300px\" class=\"wp-caption alignright\"><img loading=\"lazy\" decoding=\"async\" class=\"size-medium wp-image-418\" src=\"https:\/\/hofopdenbroucke.nl\/wp-content\/uploads\/2016\/07\/SAM_0351-300x225.jpg\" alt=\"Lief mamma\" width=\"300\" height=\"225\" srcset=\"https:\/\/hofopdenbroucke.nl\/wp-content\/uploads\/2016\/07\/SAM_0351-300x225.jpg 300w, https:\/\/hofopdenbroucke.nl\/wp-content\/uploads\/2016\/07\/SAM_0351-768x576.jpg 768w, https:\/\/hofopdenbroucke.nl\/wp-content\/uploads\/2016\/07\/SAM_0351.jpg 1024w\" sizes=\"auto, (max-width: 300px) 100vw, 300px\" \/><figcaption id=\"caption-attachment-418\" class=\"wp-caption-text\">Lief is hij he, mamma?<\/figcaption><\/figure>\n<p>Vanmiddag werden we gebeld door \u00e9\u00e9n van de kleinkinderen. Hij wil graag een van de puppy&#8217;s vasthouden. Nu hadden we gezegd dat er voordat er drie weken om waren geen bezoek meer mocht komen. Maar het is\u00a0je kleinkind en de derde week is toch al haast voorbij, dus net maar doen of het al zo is. Wel Chilli goed in de gaten houden, en het bezoek afbreken als dit nodig mocht zijn. Gelukkig is het voor Chilli ook een week later, en ze reageert vrij relaxed. Onze kleinzoon Tim is helemaal blij &#8220;hij wil er wel twee&#8221;.<\/p>\n<p>Vandaag ook de eerste uitdagingen neergezet, een pluche hond die (mensen) geluidjes maakt, een kanariepietje die fluit, en een kleed .<\/p>\n<figure id=\"attachment_423\" aria-describedby=\"caption-attachment-423\" style=\"width: 300px\" class=\"wp-caption alignleft\"><img loading=\"lazy\" decoding=\"async\" class=\"size-medium wp-image-423\" src=\"https:\/\/hofopdenbroucke.nl\/wp-content\/uploads\/2016\/07\/SAM_0321-300x225.jpg\" alt=\"Heerlijk dat nieuwe kleed\" width=\"300\" height=\"225\" srcset=\"https:\/\/hofopdenbroucke.nl\/wp-content\/uploads\/2016\/07\/SAM_0321-300x225.jpg 300w, https:\/\/hofopdenbroucke.nl\/wp-content\/uploads\/2016\/07\/SAM_0321-768x576.jpg 768w, https:\/\/hofopdenbroucke.nl\/wp-content\/uploads\/2016\/07\/SAM_0321.jpg 1024w\" sizes=\"auto, (max-width: 300px) 100vw, 300px\" \/><figcaption id=\"caption-attachment-423\" class=\"wp-caption-text\">Heerlijk dat nieuwe kleed<\/figcaption><\/figure>\n<p>Het is mooi om te zien hoe ze reageren. Als het vogeltje gaat fluiten, zie je \u00e9\u00e9n voor \u00e9\u00e9n de kopjes omhoog gaan. Het kleed voelt vreemd aan, maar als er 1 de stap zet om er op te gaan volgt de rest ook, en al gauw is er niets engs meer aan. Het pluche hondje is iets moeilijker, alleen de twee dappersten gaan er op af. Dit zijn ook de twee die als eerste de werpkist uitklommen.<\/p>\n<figure id=\"attachment_421\" aria-describedby=\"caption-attachment-421\" style=\"width: 300px\" class=\"wp-caption alignright\"><img loading=\"lazy\" decoding=\"async\" class=\"size-medium wp-image-421\" src=\"https:\/\/hofopdenbroucke.nl\/wp-content\/uploads\/2016\/07\/SAM_0312-300x225.jpg\" alt=\"Met de staart omhoo\" width=\"300\" height=\"225\" srcset=\"https:\/\/hofopdenbroucke.nl\/wp-content\/uploads\/2016\/07\/SAM_0312-300x225.jpg 300w, https:\/\/hofopdenbroucke.nl\/wp-content\/uploads\/2016\/07\/SAM_0312-768x576.jpg 768w, https:\/\/hofopdenbroucke.nl\/wp-content\/uploads\/2016\/07\/SAM_0312.jpg 1024w\" sizes=\"auto, (max-width: 300px) 100vw, 300px\" \/><figcaption id=\"caption-attachment-421\" class=\"wp-caption-text\">Met de staart omhoog<\/figcaption><\/figure>\n<p>Ook hebben we vandaag voor de tweede keer een gedeelte van de geluiden CD afgespeeld. Zijn we gisteren mee begonnen. Heel zachtjes maar net iets luider dan gisteren.<\/p>\n<p>Ook begint het lopen nu ook echt op lopen te lijken. Hun wereldje wordt snel groter.<\/p>\n<figure id=\"attachment_437\" aria-describedby=\"caption-attachment-437\" style=\"width: 300px\" class=\"wp-caption alignleft\"><img loading=\"lazy\" decoding=\"async\" class=\"wp-image-437 size-medium\" src=\"https:\/\/hofopdenbroucke.nl\/wp-content\/uploads\/2016\/07\/SAM_0380-300x225.jpg\" alt=\"SAM_0380\" width=\"300\" height=\"225\" srcset=\"https:\/\/hofopdenbroucke.nl\/wp-content\/uploads\/2016\/07\/SAM_0380-300x225.jpg 300w, https:\/\/hofopdenbroucke.nl\/wp-content\/uploads\/2016\/07\/SAM_0380-768x576.jpg 768w, https:\/\/hofopdenbroucke.nl\/wp-content\/uploads\/2016\/07\/SAM_0380.jpg 1024w\" sizes=\"auto, (max-width: 300px) 100vw, 300px\" \/><figcaption id=\"caption-attachment-437\" class=\"wp-caption-text\">Ik was zooo moe!<\/figcaption><\/figure>\n<p><em>Donderdag 14 juli<\/em><br \/>\nNationale feestdag in Frankrijk. Rond deze tijd in het jaar bevinden we ons gewoonlijk ergens in dit land. Maar niet dit jaar,\u00a0we hebben nu\u00a0wat anders\u00a0om handen. Dit &#8220;anders&#8221; is misschien nog wel leuker dan een vakantie van 2 of 3 weken.<br \/>\nHet werkt! Het wisselen van de eetbeurten. De &#8220;achterblijvers&#8221; van gisteren hebben hun schade vandaag al weer ingehaald. Ze zijn tussen de 100 en 120 gram aangekomen. We gaan zo dus door. Gisteravond was de puppy melk op, we hadden nieuwe besteld, maar deze wordt pas morgen afgeleverd. Vandaag dus geen PBR. Dan maar wat anders als aanvulling. Puppybrokken genoeg in huis. Door de huishoudmachine samen met wat water, we krijgen we\u00a0een lekkere brij. Tegen onze verwachting in wordt de schaal met dit mengsel bestormd. Eerst voorzichtig, pootjes netjes voor de schaal, maar al snel wordt er in rond gebanjerd. Aan het eind van de maaltijd is de schaal schoon leeg.\u00a0Ze zijn er moe van. De \u00e9\u00e9n na de ander valt in slaap. Sommigen zo snel dat ze neervallen waar ze zich op dat moment bevinden.<\/p>\n<figure id=\"attachment_439\" aria-describedby=\"caption-attachment-439\" style=\"width: 300px\" class=\"wp-caption alignright\"><img loading=\"lazy\" decoding=\"async\" class=\"wp-image-439 size-medium\" src=\"https:\/\/hofopdenbroucke.nl\/wp-content\/uploads\/2016\/07\/SAM_0390-300x225.jpg\" alt=\"SAM_0390\" width=\"300\" height=\"225\" srcset=\"https:\/\/hofopdenbroucke.nl\/wp-content\/uploads\/2016\/07\/SAM_0390-300x225.jpg 300w, https:\/\/hofopdenbroucke.nl\/wp-content\/uploads\/2016\/07\/SAM_0390-768x576.jpg 768w, https:\/\/hofopdenbroucke.nl\/wp-content\/uploads\/2016\/07\/SAM_0390.jpg 1024w\" sizes=\"auto, (max-width: 300px) 100vw, 300px\" \/><figcaption id=\"caption-attachment-439\" class=\"wp-caption-text\">Wat is dat nu weer?<\/figcaption><\/figure>\n<p>Bij de rekening van de Raad van Beheer afgelopen week, zaten ook de NHSB registratie nummers van de puppy&#8217;s. Deze zijn al gekoppeld aan de puppy namen die we bij de geboorte aangifte hebben moeten opgeven. Afgelopen maandag hebben we voor de nest controle deze gegevens samen met opgave geslacht\u00a0en geboortegewicht aan de HCN fokcommissie doorgegeven. De dag waarop de nest controle gaat plaatsvinden is inmiddels ook al vastgesteld. Nu dit toch al allemaal vast ligt denken we eraan om de namen alvast bekend te maken. Wat we gaan doen volgt.<br \/>\nVanavond blijkt dat de onderkaakjes van de puppy&#8217;s nu ook tandjes hebben. Er is binnen een paar dagen veel gebeurd.<\/p>\n<p><em>Ingelaste voetnoot:<br \/>\nWe weten allemaal van de verschrikkelijke gebeurtenissen\u00a0in Nice. Deze pagina bedoeld is om de lotgevallen en ontwikkeling van ons nestje weer te geven. Maar omdat ook ons de gebeurtenissen niet zijn ontgaan,\u00a0hebben we toch gemeend\u00a0naar deze verschrikkelijke gebeurtenissen een subtiele\u00a0verwijzing\u00a0te moeten\u00a0maken. Wellicht is dit niet als zodanig overgekomen. We houden ons op deze pagina verre van uitingen, meningen, geloofsovertuigingen en invloeden daarvan op de maatschappij. Wij willen\u00a0ons beperken met het betuigen van ons medeleven\u00a0naar de slachtoffers en de nabestaanden. <\/em><\/p>\n<figure id=\"attachment_450\" aria-describedby=\"caption-attachment-450\" style=\"width: 300px\" class=\"wp-caption alignright\"><img loading=\"lazy\" decoding=\"async\" class=\"wp-image-450 size-medium\" src=\"https:\/\/hofopdenbroucke.nl\/wp-content\/uploads\/2016\/07\/SAM_0487-300x225.jpg\" alt=\"SAM_0487\" width=\"300\" height=\"225\" srcset=\"https:\/\/hofopdenbroucke.nl\/wp-content\/uploads\/2016\/07\/SAM_0487-300x225.jpg 300w, https:\/\/hofopdenbroucke.nl\/wp-content\/uploads\/2016\/07\/SAM_0487-768x576.jpg 768w, https:\/\/hofopdenbroucke.nl\/wp-content\/uploads\/2016\/07\/SAM_0487.jpg 1024w\" sizes=\"auto, (max-width: 300px) 100vw, 300px\" \/><figcaption id=\"caption-attachment-450\" class=\"wp-caption-text\">Zooo groot ben ik al<\/figcaption><\/figure>\n<figure id=\"attachment_448\" aria-describedby=\"caption-attachment-448\" style=\"width: 300px\" class=\"wp-caption alignleft\"><img loading=\"lazy\" decoding=\"async\" class=\"wp-image-448 size-medium\" src=\"https:\/\/hofopdenbroucke.nl\/wp-content\/uploads\/2016\/07\/SAM_0441-300x225.jpg\" alt=\"SAM_0441\" width=\"300\" height=\"225\" srcset=\"https:\/\/hofopdenbroucke.nl\/wp-content\/uploads\/2016\/07\/SAM_0441-300x225.jpg 300w, https:\/\/hofopdenbroucke.nl\/wp-content\/uploads\/2016\/07\/SAM_0441-768x576.jpg 768w, https:\/\/hofopdenbroucke.nl\/wp-content\/uploads\/2016\/07\/SAM_0441.jpg 1024w\" sizes=\"auto, (max-width: 300px) 100vw, 300px\" \/><figcaption id=\"caption-attachment-448\" class=\"wp-caption-text\">Stoer ben ik al, toch?<\/figcaption><\/figure>\n<p><em>Vrijdag 15 juli<\/em><br \/>\nEen dag die begint als alle andere de laatste 3 weken. Het gaat goed, de A&#8217;tjes zijn, een enkele daar gelaten, weer\u00a0flink gegroeid. We hebben de statistieken van vroegere nestjes erbij gehaald. Ze lopen ongeveer voor wat het gewicht betreft een dag of 8 voor. We staan versteld van de hoeveelheid melk die Chilli produceert. Want de\u00a0bijvoeding die ze krijgen is niet dusdanig dat dit de reden van de dagelijkse gewichts toename kan zijn. Het onderlinge spel ontwikkeld zich rap. Ze reageren nu ook echt op ons. Als we bij ze zitten, liggen ze graag op onze schoot, ze beginnen al aardig mens gericht te worden.<\/p>\n<p>&nbsp;<\/p>\n<p>&nbsp;<\/p>\n","protected":false},"excerpt":{"rendered":"<p>Zaterdag 9 juli Weer weekend, lekker. De oogjes van alle A&#8217;tjes zijn nu open. Het lijkt wel of sommigen je nu al echt aankijken. Zal wel de wens van de gedachte zijn. Ze beginnen al lekker rond te strompelen. Voor mij het teken om de buitenren in orde te gaan maken. Het is de bedoeling [&hellip;]<\/p>\n","protected":false},"author":1,"featured_media":0,"parent":0,"menu_order":0,"comment_status":"closed","ping_status":"closed","template":"","meta":{"footnotes":""},"class_list":["post-341","page","type-page","status-publish","hentry"],"_links":{"self":[{"href":"https:\/\/hofopdenbroucke.nl\/index.php?rest_route=\/wp\/v2\/pages\/341","targetHints":{"allow":["GET"]}}],"collection":[{"href":"https:\/\/hofopdenbroucke.nl\/index.php?rest_route=\/wp\/v2\/pages"}],"about":[{"href":"https:\/\/hofopdenbroucke.nl\/index.php?rest_route=\/wp\/v2\/types\/page"}],"author":[{"embeddable":true,"href":"https:\/\/hofopdenbroucke.nl\/index.php?rest_route=\/wp\/v2\/users\/1"}],"replies":[{"embeddable":true,"href":"https:\/\/hofopdenbroucke.nl\/index.php?rest_route=%2Fwp%2Fv2%2Fcomments&post=341"}],"version-history":[{"count":42,"href":"https:\/\/hofopdenbroucke.nl\/index.php?rest_route=\/wp\/v2\/pages\/341\/revisions"}],"predecessor-version":[{"id":484,"href":"https:\/\/hofopdenbroucke.nl\/index.php?rest_route=\/wp\/v2\/pages\/341\/revisions\/484"}],"wp:attachment":[{"href":"https:\/\/hofopdenbroucke.nl\/index.php?rest_route=%2Fwp%2Fv2%2Fmedia&parent=341"}],"curies":[{"name":"wp","href":"https:\/\/api.w.org\/{rel}","templated":true}]}}